{"id":5904,"date":"2021-01-15T21:18:18","date_gmt":"2021-01-15T21:18:18","guid":{"rendered":"https:\/\/keliaukregione.lt\/?page_id=5904"},"modified":"2023-05-01T23:28:34","modified_gmt":"2023-05-01T23:28:34","slug":"virtualus-pasivaiksciojimai","status":"publish","type":"page","link":"https:\/\/keliaukregione.lt\/?page_id=5904","title":{"rendered":"Virtual\u016bs pasivaik\u0161\u010diojimai"},"content":{"rendered":"\t\t<div data-elementor-type=\"wp-page\" data-elementor-id=\"5904\" class=\"elementor elementor-5904\">\n\t\t\t\t\t\t<section class=\"elementor-section elementor-top-section elementor-element elementor-element-3672378 elementor-section-boxed elementor-section-height-default elementor-section-height-default\" data-id=\"3672378\" data-element_type=\"section\">\n\t\t\t\t\t\t<div class=\"elementor-container elementor-column-gap-default\">\n\t\t\t\t\t<div class=\"elementor-column elementor-col-100 elementor-top-column elementor-element elementor-element-f921b62\" data-id=\"f921b62\" data-element_type=\"column\">\n\t\t\t<div class=\"elementor-widget-wrap elementor-element-populated\">\n\t\t\t\t\t\t<div class=\"elementor-element elementor-element-55ce7f8 elementor-widget elementor-widget-heading\" data-id=\"55ce7f8\" data-element_type=\"widget\" data-widget_type=\"heading.default\">\n\t\t\t\t<div class=\"elementor-widget-container\">\n\t\t\t\t\t<h2 class=\"elementor-heading-title elementor-size-default\">VIRTUAL\u016aS PASIVAIK\u0160\u010cIOJIMAI<\/h2>\t\t\t\t<\/div>\n\t\t\t\t<\/div>\n\t\t\t\t\t<\/div>\n\t\t<\/div>\n\t\t\t\t\t<\/div>\n\t\t<\/section>\n\t\t\t\t<section class=\"elementor-section elementor-top-section elementor-element elementor-element-5474473 elementor-section-boxed elementor-section-height-default elementor-section-height-default\" data-id=\"5474473\" data-element_type=\"section\">\n\t\t\t\t\t\t<div class=\"elementor-container elementor-column-gap-default\">\n\t\t\t\t\t<div class=\"elementor-column elementor-col-100 elementor-top-column elementor-element elementor-element-9b90510\" data-id=\"9b90510\" data-element_type=\"column\">\n\t\t\t<div class=\"elementor-widget-wrap elementor-element-populated\">\n\t\t\t\t\t\t<div class=\"elementor-element elementor-element-164984d elementor-widget elementor-widget-spacer\" data-id=\"164984d\" data-element_type=\"widget\" data-widget_type=\"spacer.default\">\n\t\t\t\t<div class=\"elementor-widget-container\">\n\t\t\t\t\t\t\t<div class=\"elementor-spacer\">\n\t\t\t<div class=\"elementor-spacer-inner\"><\/div>\n\t\t<\/div>\n\t\t\t\t\t\t<\/div>\n\t\t\t\t<\/div>\n\t\t\t\t\t<\/div>\n\t\t<\/div>\n\t\t\t\t\t<\/div>\n\t\t<\/section>\n\t\t\t\t<section class=\"elementor-section elementor-top-section elementor-element elementor-element-163323d elementor-section-full_width elementor-section-height-default elementor-section-height-default\" data-id=\"163323d\" data-element_type=\"section\">\n\t\t\t\t\t\t<div class=\"elementor-container elementor-column-gap-default\">\n\t\t\t\t\t<div class=\"elementor-column elementor-col-33 elementor-top-column elementor-element elementor-element-10a5f32\" data-id=\"10a5f32\" data-element_type=\"column\">\n\t\t\t<div class=\"elementor-widget-wrap elementor-element-populated\">\n\t\t\t\t\t\t<div class=\"elementor-element elementor-element-54f6d01 elementor-widget elementor-widget-text-editor\" data-id=\"54f6d01\" data-element_type=\"widget\" data-widget_type=\"text-editor.default\">\n\t\t\t\t<div class=\"elementor-widget-container\">\n\t\t\t\t\t\t\t\t\t<p>Virtualiuose pasivaik\u0161\u010diojimuose vaizd\u0105 galite pasukti bet kuriuo 360\u00b0 laipsni\u0173 kampu, tiesiog paleiskite vaizdo \u012fra\u0161\u0105 ir stumkite vaizd\u0105 su pele ar pir\u0161tu, jei naudojat\u0117s telefonu. Vaizd\u0105 taip pat pasukti galite naudodamiesi vaizdo \u012fra\u0161o vir\u0161uje kair\u0117je esan\u010diais mygtukais. Vaizdo \u012fra\u0161\u0105 galite sustabdyti bet kuriuo momentu ir toliau pasukti jums norimu kampu. Geriausiai kokybei pasirinkite did\u017eiausi\u0105 leistin\u0105 rai\u0161k\u0105.<\/p>\t\t\t\t\t\t\t\t<\/div>\n\t\t\t\t<\/div>\n\t\t\t\t\t<\/div>\n\t\t<\/div>\n\t\t\t\t<div class=\"elementor-column elementor-col-66 elementor-top-column elementor-element elementor-element-935d69d\" data-id=\"935d69d\" data-element_type=\"column\">\n\t\t\t<div class=\"elementor-widget-wrap elementor-element-populated\">\n\t\t\t\t\t\t<div class=\"elementor-element elementor-element-f9e6c31 elementor-tabs-view-horizontal elementor-widget elementor-widget-tabs\" data-id=\"f9e6c31\" data-element_type=\"widget\" data-widget_type=\"tabs.default\">\n\t\t\t\t<div class=\"elementor-widget-container\">\n\t\t\t\t\t\t\t<div class=\"elementor-tabs\">\n\t\t\t<div class=\"elementor-tabs-wrapper\" role=\"tablist\" >\n\t\t\t\t\t\t\t\t\t<div id=\"elementor-tab-title-2621\" class=\"elementor-tab-title elementor-tab-desktop-title\" aria-selected=\"true\" data-tab=\"1\" role=\"tab\" tabindex=\"0\" aria-controls=\"elementor-tab-content-2621\" aria-expanded=\"false\">Amalvos pa\u017eintinis takas<\/div>\n\t\t\t\t\t\t\t\t\t<div id=\"elementor-tab-title-2622\" class=\"elementor-tab-title elementor-tab-desktop-title\" aria-selected=\"false\" data-tab=\"2\" role=\"tab\" tabindex=\"-1\" aria-controls=\"elementor-tab-content-2622\" aria-expanded=\"false\">Buktos pa\u017eintinis takas<\/div>\n\t\t\t\t\t\t\t\t\t<div id=\"elementor-tab-title-2623\" class=\"elementor-tab-title elementor-tab-desktop-title\" aria-selected=\"false\" data-tab=\"3\" role=\"tab\" tabindex=\"-1\" aria-controls=\"elementor-tab-content-2623\" aria-expanded=\"false\">A.Matu\u010dio parkas<\/div>\n\t\t\t\t\t\t\t<\/div>\n\t\t\t<div class=\"elementor-tabs-content-wrapper\" role=\"tablist\" aria-orientation=\"vertical\">\n\t\t\t\t\t\t\t\t\t<div class=\"elementor-tab-title elementor-tab-mobile-title\" aria-selected=\"true\" data-tab=\"1\" role=\"tab\" tabindex=\"0\" aria-controls=\"elementor-tab-content-2621\" aria-expanded=\"false\">Amalvos pa\u017eintinis takas<\/div>\n\t\t\t\t\t<div id=\"elementor-tab-content-2621\" class=\"elementor-tab-content elementor-clearfix\" data-tab=\"1\" role=\"tabpanel\" aria-labelledby=\"elementor-tab-title-2621\" tabindex=\"0\" hidden=\"false\"><p><iframe title=\"YouTube video player\" src=\"https:\/\/www.youtube.com\/embed\/3M_54Obkd28\" width=\"560\" height=\"560\" frameborder=\"0\" allowfullscreen=\"allowfullscreen\"><\/iframe><\/p><\/div>\n\t\t\t\t\t\t\t\t\t<div class=\"elementor-tab-title elementor-tab-mobile-title\" aria-selected=\"false\" data-tab=\"2\" role=\"tab\" tabindex=\"-1\" aria-controls=\"elementor-tab-content-2622\" aria-expanded=\"false\">Buktos pa\u017eintinis takas<\/div>\n\t\t\t\t\t<div id=\"elementor-tab-content-2622\" class=\"elementor-tab-content elementor-clearfix\" data-tab=\"2\" role=\"tabpanel\" aria-labelledby=\"elementor-tab-title-2622\" tabindex=\"0\" hidden=\"hidden\"><p>1 dalis: <iframe title=\"YouTube video player\" src=\"https:\/\/www.youtube.com\/embed\/5wWp3xyxOs0\" width=\"560\" height=\"500\" frameborder=\"0\" allowfullscreen=\"allowfullscreen\"><\/iframe> 2 dalis: <iframe title=\"YouTube video player\" src=\"https:\/\/www.youtube.com\/embed\/ioN1thXDZPo\" width=\"560\" height=\"500\" frameborder=\"0\" allowfullscreen=\"allowfullscreen\"><\/iframe> 3 dalis: <iframe title=\"YouTube video player\" src=\"https:\/\/www.youtube.com\/embed\/hwrJaS2cxPc\" width=\"560\" height=\"500\" frameborder=\"0\" allowfullscreen=\"allowfullscreen\"><\/iframe><\/p><\/div>\n\t\t\t\t\t\t\t\t\t<div class=\"elementor-tab-title elementor-tab-mobile-title\" aria-selected=\"false\" data-tab=\"3\" role=\"tab\" tabindex=\"-1\" aria-controls=\"elementor-tab-content-2623\" aria-expanded=\"false\">A.Matu\u010dio parkas<\/div>\n\t\t\t\t\t<div id=\"elementor-tab-content-2623\" class=\"elementor-tab-content elementor-clearfix\" data-tab=\"3\" role=\"tabpanel\" aria-labelledby=\"elementor-tab-title-2623\" tabindex=\"0\" hidden=\"hidden\"><iframe width=\"560\" height=\"560\" src=\"https:\/\/www.youtube.com\/embed\/VL3YUqtQ1OM\" title=\"YouTube video player\" frameborder=\"0\" allow=\"accelerometer; autoplay; clipboard-write; encrypted-media; gyroscope; picture-in-picture; web-share\" allowfullscreen><\/iframe><\/div>\n\t\t\t\t\t\t\t<\/div>\n\t\t<\/div>\n\t\t\t\t\t\t<\/div>\n\t\t\t\t<\/div>\n\t\t\t\t\t<\/div>\n\t\t<\/div>\n\t\t\t\t\t<\/div>\n\t\t<\/section>\n\t\t\t\t<\/div>\n\t\t","protected":false},"excerpt":{"rendered":"<p>VIRTUAL\u016aS PASIVAIK\u0160\u010cIOJIMAI Virtualiuose pasivaik\u0161\u010diojimuose vaizd\u0105 galite pasukti bet kuriuo 360\u00b0 laipsni\u0173 kampu, tiesiog paleiskite vaizdo \u012fra\u0161\u0105 ir stumkite vaizd\u0105 su pele ar pir\u0161tu, jei naudojat\u0117s telefonu. Vaizd\u0105 taip pat pasukti galite naudodamiesi vaizdo \u012fra\u0161o vir\u0161uje kair\u0117je esan\u010diais mygtukais. Vaizdo \u012fra\u0161\u0105 galite sustabdyti bet kuriuo momentu ir toliau pasukti jums norimu kampu. Geriausiai kokybei pasirinkite did\u017eiausi\u0105 &hellip; <\/p>\n<p class=\"link-more\"><a href=\"https:\/\/keliaukregione.lt\/?page_id=5904\" class=\"more-link\">Read more<span class=\"screen-reader-text\"> &#8220;Virtual\u016bs pasivaik\u0161\u010diojimai&#8221;<\/span><\/a><\/p>\n","protected":false},"author":1,"featured_media":0,"parent":0,"menu_order":0,"comment_status":"closed","ping_status":"closed","template":"elementor_header_footer","meta":{"ngg_post_thumbnail":0,"footnotes":""},"class_list":["post-5904","page","type-page","status-publish","hentry"],"featured_media_urls":[],"_links":{"self":[{"href":"https:\/\/keliaukregione.lt\/index.php?rest_route=\/wp\/v2\/pages\/5904","targetHints":{"allow":["GET"]}}],"collection":[{"href":"https:\/\/keliaukregione.lt\/index.php?rest_route=\/wp\/v2\/pages"}],"about":[{"href":"https:\/\/keliaukregione.lt\/index.php?rest_route=\/wp\/v2\/types\/page"}],"author":[{"embeddable":true,"href":"https:\/\/keliaukregione.lt\/index.php?rest_route=\/wp\/v2\/users\/1"}],"replies":[{"embeddable":true,"href":"https:\/\/keliaukregione.lt\/index.php?rest_route=%2Fwp%2Fv2%2Fcomments&post=5904"}],"version-history":[{"count":49,"href":"https:\/\/keliaukregione.lt\/index.php?rest_route=\/wp\/v2\/pages\/5904\/revisions"}],"predecessor-version":[{"id":7032,"href":"https:\/\/keliaukregione.lt\/index.php?rest_route=\/wp\/v2\/pages\/5904\/revisions\/7032"}],"wp:attachment":[{"href":"https:\/\/keliaukregione.lt\/index.php?rest_route=%2Fwp%2Fv2%2Fmedia&parent=5904"}],"curies":[{"name":"wp","href":"https:\/\/api.w.org\/{rel}","templated":true}]}}