{"id":5892,"date":"2021-01-15T21:15:08","date_gmt":"2021-01-15T21:15:08","guid":{"rendered":"https:\/\/keliaukregione.lt\/?page_id=5892"},"modified":"2023-07-13T19:18:54","modified_gmt":"2023-07-13T19:18:54","slug":"igliaukos-seniunija","status":"publish","type":"page","link":"https:\/\/keliaukregione.lt\/?page_id=5892","title":{"rendered":"Igliaukos seni\u016bnija"},"content":{"rendered":"\t\t<div data-elementor-type=\"wp-page\" data-elementor-id=\"5892\" class=\"elementor elementor-5892\">\n\t\t\t\t\t\t<section class=\"elementor-section elementor-top-section elementor-element elementor-element-5a23827 elementor-section-boxed elementor-section-height-default elementor-section-height-default\" data-id=\"5a23827\" data-element_type=\"section\">\n\t\t\t\t\t\t<div class=\"elementor-container elementor-column-gap-default\">\n\t\t\t\t\t<div class=\"elementor-column elementor-col-100 elementor-top-column elementor-element elementor-element-19ff4d3\" data-id=\"19ff4d3\" data-element_type=\"column\">\n\t\t\t<div class=\"elementor-widget-wrap elementor-element-populated\">\n\t\t\t\t\t\t<div class=\"elementor-element elementor-element-01efb74 elementor-widget elementor-widget-heading\" data-id=\"01efb74\" data-element_type=\"widget\" data-widget_type=\"heading.default\">\n\t\t\t\t<div class=\"elementor-widget-container\">\n\t\t\t\t\t<h1 class=\"elementor-heading-title elementor-size-default\">Igliaukos seni\u016bnija<\/h1>\t\t\t\t<\/div>\n\t\t\t\t<\/div>\n\t\t\t\t\t<\/div>\n\t\t<\/div>\n\t\t\t\t\t<\/div>\n\t\t<\/section>\n\t\t\t\t<section class=\"elementor-section elementor-top-section elementor-element elementor-element-0672d85 elementor-section-full_width elementor-section-height-default elementor-section-height-default\" data-id=\"0672d85\" data-element_type=\"section\">\n\t\t\t\t\t\t<div class=\"elementor-container elementor-column-gap-default\">\n\t\t\t\t\t<div class=\"elementor-column elementor-col-100 elementor-top-column elementor-element elementor-element-c30c878\" data-id=\"c30c878\" data-element_type=\"column\">\n\t\t\t<div class=\"elementor-widget-wrap elementor-element-populated\">\n\t\t\t\t\t\t<div class=\"elementor-element elementor-element-9057239 elementor-widget elementor-widget-video\" data-id=\"9057239\" data-element_type=\"widget\" data-settings=\"{&quot;youtube_url&quot;:&quot;https:\\\/\\\/youtu.be\\\/YalDETIJ6e4&quot;,&quot;video_type&quot;:&quot;youtube&quot;,&quot;controls&quot;:&quot;yes&quot;}\" data-widget_type=\"video.default\">\n\t\t\t\t<div class=\"elementor-widget-container\">\n\t\t\t\t\t\t\t<div class=\"elementor-wrapper elementor-open-inline\">\n\t\t\t<div class=\"elementor-video\"><\/div>\t\t<\/div>\n\t\t\t\t\t\t<\/div>\n\t\t\t\t<\/div>\n\t\t\t\t\t<\/div>\n\t\t<\/div>\n\t\t\t\t\t<\/div>\n\t\t<\/section>\n\t\t\t\t<section class=\"elementor-section elementor-top-section elementor-element elementor-element-cadacd7 elementor-section-boxed elementor-section-height-default elementor-section-height-default\" data-id=\"cadacd7\" data-element_type=\"section\">\n\t\t\t\t\t\t<div class=\"elementor-container elementor-column-gap-default\">\n\t\t\t\t\t<div class=\"elementor-column elementor-col-100 elementor-top-column elementor-element elementor-element-d7f9425\" data-id=\"d7f9425\" data-element_type=\"column\">\n\t\t\t<div class=\"elementor-widget-wrap elementor-element-populated\">\n\t\t\t\t\t\t<div class=\"elementor-element elementor-element-419f0ab elementor-widget elementor-widget-heading\" data-id=\"419f0ab\" data-element_type=\"widget\" data-widget_type=\"heading.default\">\n\t\t\t\t<div class=\"elementor-widget-container\">\n\t\t\t\t\t<h2 class=\"elementor-heading-title elementor-size-default\">Igliaukos seni\u016bnijos herbas ir teritorija<\/h2>\t\t\t\t<\/div>\n\t\t\t\t<\/div>\n\t\t\t\t\t<\/div>\n\t\t<\/div>\n\t\t\t\t\t<\/div>\n\t\t<\/section>\n\t\t\t\t<section class=\"elementor-section elementor-top-section elementor-element elementor-element-2286903 elementor-section-boxed elementor-section-height-default elementor-section-height-default\" data-id=\"2286903\" data-element_type=\"section\">\n\t\t\t\t\t\t<div class=\"elementor-container elementor-column-gap-default\">\n\t\t\t\t\t<div class=\"elementor-column elementor-col-100 elementor-top-column elementor-element elementor-element-2f3c7c3\" data-id=\"2f3c7c3\" data-element_type=\"column\">\n\t\t\t<div class=\"elementor-widget-wrap elementor-element-populated\">\n\t\t\t\t\t\t<div class=\"elementor-element elementor-element-2f68d23 elementor-widget elementor-widget-image\" data-id=\"2f68d23\" data-element_type=\"widget\" data-widget_type=\"image.default\">\n\t\t\t\t<div class=\"elementor-widget-container\">\n\t\t\t\t\t\t\t\t\t\t\t\t\t\t\t<img fetchpriority=\"high\" decoding=\"async\" width=\"950\" height=\"534\" src=\"https:\/\/keliaukregione.lt\/wp-content\/uploads\/2023\/05\/Seniunijos-foto-Igliauka-1024x576.png\" class=\"attachment-large size-large wp-image-7022\" alt=\"\" srcset=\"https:\/\/keliaukregione.lt\/wp-content\/uploads\/2023\/05\/Seniunijos-foto-Igliauka-1024x576.png 1024w, https:\/\/keliaukregione.lt\/wp-content\/uploads\/2023\/05\/Seniunijos-foto-Igliauka-300x169.png 300w, https:\/\/keliaukregione.lt\/wp-content\/uploads\/2023\/05\/Seniunijos-foto-Igliauka-768x432.png 768w, https:\/\/keliaukregione.lt\/wp-content\/uploads\/2023\/05\/Seniunijos-foto-Igliauka-1536x864.png 1536w, https:\/\/keliaukregione.lt\/wp-content\/uploads\/2023\/05\/Seniunijos-foto-Igliauka-2048x1152.png 2048w, https:\/\/keliaukregione.lt\/wp-content\/uploads\/2023\/05\/Seniunijos-foto-Igliauka-2000x1125.png 2000w, https:\/\/keliaukregione.lt\/wp-content\/uploads\/2023\/05\/Seniunijos-foto-Igliauka-600x338.png 600w\" sizes=\"100vw\" \/>\t\t\t\t\t\t\t\t\t\t\t\t\t\t\t<\/div>\n\t\t\t\t<\/div>\n\t\t\t\t\t<\/div>\n\t\t<\/div>\n\t\t\t\t\t<\/div>\n\t\t<\/section>\n\t\t\t\t<section class=\"elementor-section elementor-top-section elementor-element elementor-element-f1ba851 elementor-section-boxed elementor-section-height-default elementor-section-height-default\" data-id=\"f1ba851\" data-element_type=\"section\">\n\t\t\t\t\t\t<div class=\"elementor-container elementor-column-gap-default\">\n\t\t\t\t\t<div class=\"elementor-column elementor-col-100 elementor-top-column elementor-element elementor-element-1dfd3b6\" data-id=\"1dfd3b6\" data-element_type=\"column\">\n\t\t\t<div class=\"elementor-widget-wrap elementor-element-populated\">\n\t\t\t\t\t\t<div class=\"elementor-element elementor-element-bf0273e elementor-tabs-view-horizontal elementor-widget elementor-widget-tabs\" data-id=\"bf0273e\" data-element_type=\"widget\" data-widget_type=\"tabs.default\">\n\t\t\t\t<div class=\"elementor-widget-container\">\n\t\t\t\t\t\t\t<div class=\"elementor-tabs\">\n\t\t\t<div class=\"elementor-tabs-wrapper\" role=\"tablist\" >\n\t\t\t\t\t\t\t\t\t<div id=\"elementor-tab-title-2001\" class=\"elementor-tab-title elementor-tab-desktop-title\" aria-selected=\"true\" data-tab=\"1\" role=\"tab\" tabindex=\"0\" aria-controls=\"elementor-tab-content-2001\" aria-expanded=\"false\">Igliaukos seni\u016bnija<\/div>\n\t\t\t\t\t\t\t\t\t<div id=\"elementor-tab-title-2002\" class=\"elementor-tab-title elementor-tab-desktop-title\" aria-selected=\"false\" data-tab=\"2\" role=\"tab\" tabindex=\"-1\" aria-controls=\"elementor-tab-content-2002\" aria-expanded=\"false\">Atributika<\/div>\n\t\t\t\t\t\t\t\t\t<div id=\"elementor-tab-title-2003\" class=\"elementor-tab-title elementor-tab-desktop-title\" aria-selected=\"false\" data-tab=\"3\" role=\"tab\" tabindex=\"-1\" aria-controls=\"elementor-tab-content-2003\" aria-expanded=\"false\">Kult\u016bra<\/div>\n\t\t\t\t\t\t\t\t\t<div id=\"elementor-tab-title-2004\" class=\"elementor-tab-title elementor-tab-desktop-title\" aria-selected=\"false\" data-tab=\"4\" role=\"tab\" tabindex=\"-1\" aria-controls=\"elementor-tab-content-2004\" aria-expanded=\"false\">Lankytinos vietos ir paminklai<\/div>\n\t\t\t\t\t\t\t\t\t<div id=\"elementor-tab-title-2005\" class=\"elementor-tab-title elementor-tab-desktop-title\" aria-selected=\"false\" data-tab=\"5\" role=\"tab\" tabindex=\"-1\" aria-controls=\"elementor-tab-content-2005\" aria-expanded=\"false\">\u012e\u017eym\u016bs \u017emon\u0117s<\/div>\n\t\t\t\t\t\t\t\t\t<div id=\"elementor-tab-title-2006\" class=\"elementor-tab-title elementor-tab-desktop-title\" aria-selected=\"false\" data-tab=\"6\" role=\"tab\" tabindex=\"-1\" aria-controls=\"elementor-tab-content-2006\" aria-expanded=\"false\">Seni\u016bnijos gyvenamosios vietov\u0117s<\/div>\n\t\t\t\t\t\t\t<\/div>\n\t\t\t<div class=\"elementor-tabs-content-wrapper\" role=\"tablist\" aria-orientation=\"vertical\">\n\t\t\t\t\t\t\t\t\t<div class=\"elementor-tab-title elementor-tab-mobile-title\" aria-selected=\"true\" data-tab=\"1\" role=\"tab\" tabindex=\"0\" aria-controls=\"elementor-tab-content-2001\" aria-expanded=\"false\">Igliaukos seni\u016bnija<\/div>\n\t\t\t\t\t<div id=\"elementor-tab-content-2001\" class=\"elementor-tab-content elementor-clearfix\" data-tab=\"1\" role=\"tabpanel\" aria-labelledby=\"elementor-tab-title-2001\" tabindex=\"0\" hidden=\"false\"><div class=\"content_template\">\n<div class=\"plain_content formatted_text\">\n<div>\n<table style=\"width: 100%; border-collapse: collapse;\" border=\"0\">\n<tbody>\n<tr>\n<td style=\"width: 17.3295%; text-align: justify;\"><strong><img decoding=\"async\" style=\"margin-left: 10px; margin-right: 10px;\" src=\"https:\/\/www.marijampole.lt\/data\/public\/uploads\/2022\/05\/igliaukos_hebas_m.png\" alt=\"\" width=\"100\"><\/strong><\/td>\n<td style=\"width: 82.6705%; text-align: justify;\"><strong>Seni\u016bnijos centras &#8211; Igliaukos miestelis<\/strong> (1091 gyventojas). Seni\u016bnijoje yra 49 gyvenamosios vietov\u0117s. Didesn\u0117s i\u0161 j\u0173 &#8211; Dauk\u0161iai (362 gyventojai), \u0160ventragis (345 gyventojai), Varnupiai (191 gyventojas). I\u0161 viso seni\u016bnijoje yra 2,6 t\u016bkst. gyventoj\u0173.<br>Seni\u016bnijos plotas &#8211; 9655 ha, i\u0161 j\u0173 3,4 proc. u\u017eima mi\u0161kai, 80,2 proc. &#8211; \u017eem\u0117s \u016bkio naudmenos.<\/td>\n<\/tr>\n<\/tbody>\n<\/table>\n<p style=\"text-align: justify;\"><strong>Seni\u016bnijos adresas<\/strong><br>Marijampol\u0117s sav., Igliauka, Vytauto g. 19<br>Tel. (8 343)&nbsp; 24 525<br>El. p. <a>igliauka@marijampole.lt<\/a><\/p>\n<\/div>\n<\/div>\n<\/div>\n<p style=\"text-align: justify;\"><strong>Geografija ir gamta<\/strong> <br>Igliaukos seni\u016bnija yra rytin\u0117je savivaldyb\u0117s dalyje, abipus kelio Marijampol\u0117-Prienai. Pati Igliauka yra i\u0161sid\u0117s\u010diusi \u0161io kelio pusiaukel\u0117je, ant Yglos e\u017eero kranto. U\u017e kilometro \u012f rytus nuo miestelio ir e\u017eero prasideda Pali\u0173 mi\u0161kas ir pelk\u0117, kurioje nuo 1958 m. kasamos durp\u0117s. I\u0161 Yglos e\u017eero i\u0161teka Ygl\u0117s upelis. Jis \u012fteka \u012f \u0160lavantos upel\u012f, o \u0161is &#8211; \u012f Amalvo e\u017eer\u0105.<br>Per Dauk\u0161ius teka Dovin\u0117. Netoli \u0161io kaimo yra Varnupi\u0173 piliakalnis &#8211; vienas gra\u017eiausi\u0173 \u0161iame kra\u0161te. Dar vienas piliakalnis st\u016bkso \u0160akali\u0161ki\u0173 kaime, netoli kelio Marijampol\u0117-Prienai.<\/p>\n<p style=\"text-align: justify;\"><strong>Istorija <\/strong><br>1781 m. Prien\u0173 seni\u016bnas grafas M.Butleris \u0117m\u0117si Igliaukoje statyti ba\u017eny\u010di\u0105, kuri 1783 m. buvo pa\u0161ventinta. 1884 m. vietoje supuvusios medin\u0117s buvo pastatyta akmenin\u0117 ba\u017eny\u010dia su gra\u017eiu auk\u0161tu bok\u0161tu. Deja, bok\u0161tas Pirmojo pasaulinio karo metu buvo susprogdintas. Nukent\u0117jo ir \u0161alia buv\u0119s vienuolynas, \u017euvo dalis jame besisl\u0117pusi\u0173 \u017emoni\u0173.<br>1823 m. istoriniuose \u0161altiniuose pamin\u0117ta ir Igliaukos mokykla, \u012fsteigta vienuoli\u0173 marijon\u0173.<\/p>\n<p style=\"text-align: justify;\">Dabartiniu metu seni\u016bnijoje veikia Anzelmo Matu\u010dio gimnazija, 1 pagrindin\u0117 ir 1 pradin\u0117 mokykla, laisvalaikio sal\u0117, 2 kult\u016bros namai, 2 pa\u0161tai.<\/p><\/div>\n\t\t\t\t\t\t\t\t\t<div class=\"elementor-tab-title elementor-tab-mobile-title\" aria-selected=\"false\" data-tab=\"2\" role=\"tab\" tabindex=\"-1\" aria-controls=\"elementor-tab-content-2002\" aria-expanded=\"false\">Atributika<\/div>\n\t\t\t\t\t<div id=\"elementor-tab-content-2002\" class=\"elementor-tab-content elementor-clearfix\" data-tab=\"2\" role=\"tabpanel\" aria-labelledby=\"elementor-tab-title-2002\" tabindex=\"0\" hidden=\"hidden\"><div class=\"content_template\" style=\"text-align: justify;\"><div class=\"plain_content formatted_text\"><div><table style=\"width: 100%; border-collapse: collapse; height: 254px;\" border=\"0\"><tbody><tr style=\"height: 254px;\"><td style=\"width: 32.5795%; height: 254px;\"><strong><img decoding=\"async\" style=\"margin-left: auto; margin-right: auto; display: block;\" src=\"https:\/\/www.marijampole.lt\/data\/public\/uploads\/2022\/05\/igliaukos_hebas_m.png\" alt=\"\" width=\"194\" height=\"235\" \/><\/strong><\/td><td style=\"width: 67.4205%; text-align: justify; height: 254px;\"><p>2022 m. baland\u017eio 24 d. i\u0161kilmingame renginyje visuomenei buvo pristatytas Igliaukos seni\u016bnijos herbas. Dailininko Arvydo Ka\u017edailio sukurtame ir Lietuvos heraldikos komisijos patvirtintame herbo etalone \u2013 sidabriniame lauke raudonas varpas auksine \u0161erdimi; \u017ealioje skydo galvoje, atskirtoje banguota juosta, dvi sidabrin\u0117s \u012f prie\u0161ingas puses \u017ei\u016brin\u010di\u0173 \u017eirg\u0173 galvos auksiniais pakinktais.<\/p><p>I\u0161kilmingoje eisenoje pu\u010diam\u0173j\u0173 orkestro palyd\u0117ta naujoji seni\u016bnijos v\u0117liava pa\u0161ventinta \u0160v. Kazimiero ba\u017eny\u010dioje. Patvirtint\u0105 herbo etalon\u0105 atitinkanti herbin\u0117 v\u0117liava ir herbinis antspaudas nuo \u0161iol gal\u0117s b\u016bti naudojami Igliaukos bendruomen\u0117s reikm\u0117ms ir reprezentuojant seni\u016bnij\u0105.<\/p><\/td><\/tr><\/tbody><\/table><\/div><\/div><\/div><p style=\"text-align: justify;\">I\u0161kilm\u0117se dalyvav\u0119s Marijampol\u0117s savivaldyb\u0117s meras Povilas Isoda sveikino i\u0161skirtine tapusi\u0105 Igliaukos bendruomen\u0119: \u201e Igliauka \u0161iandien tampa penkt\u0105ja herbu pasipuo\u0161usia Marijampol\u0117s savivaldyb\u0117s seni\u016bnija. Daug kam gali atrodyti, kad tai tik nereik\u0161mingas reprezentacinis simbolis, ta\u010diau \u0161is simbolis rodo j\u016bs\u0173 seni\u016bnijos ir bendruomen\u0117s brand\u0105, \u012fprasmina j\u016bs\u0173 i\u0161skirtinum\u0105 ir identitet\u0105. Tegul naujoji v\u0117liava jums kelia pagarb\u0105 ir pasidid\u017eiavim\u0105 savo gimtuoju kra\u0161tu\u201c.<\/p><p style=\"text-align: justify;\"><strong>ngg_shortcode_0_placeholder<\/strong><\/p><\/div>\n\t\t\t\t\t\t\t\t\t<div class=\"elementor-tab-title elementor-tab-mobile-title\" aria-selected=\"false\" data-tab=\"3\" role=\"tab\" tabindex=\"-1\" aria-controls=\"elementor-tab-content-2003\" aria-expanded=\"false\">Kult\u016bra<\/div>\n\t\t\t\t\t<div id=\"elementor-tab-content-2003\" class=\"elementor-tab-content elementor-clearfix\" data-tab=\"3\" role=\"tabpanel\" aria-labelledby=\"elementor-tab-title-2003\" tabindex=\"0\" hidden=\"hidden\"><p>Netoli Igliaukos esan\u010diame Zom\u010din\u0117s kaime &#8211; poeto A.Matu\u010dio t\u0117vi\u0161k\u0117. Poeto vardu pavadinta ir Igliaukos vidurin\u0117 mokykla, kurioje yra A.Matu\u010diui skirtas kabinetas.<\/p><p>Daug met\u0173 visoje Lietuvoje buvo gars\u016bs Igliaukos zoniniai kult\u016bros namai. Juose dirb\u0119 kolektyvai aktyviai dalyvavo Marijampol\u0117s rajono ir respublikin\u0117se dain\u0173 \u0161vent\u0117se, \u012fvairiuose konkursuose.<\/p><\/div>\n\t\t\t\t\t\t\t\t\t<div class=\"elementor-tab-title elementor-tab-mobile-title\" aria-selected=\"false\" data-tab=\"4\" role=\"tab\" tabindex=\"-1\" aria-controls=\"elementor-tab-content-2004\" aria-expanded=\"false\">Lankytinos vietos ir paminklai<\/div>\n\t\t\t\t\t<div id=\"elementor-tab-content-2004\" class=\"elementor-tab-content elementor-clearfix\" data-tab=\"4\" role=\"tabpanel\" aria-labelledby=\"elementor-tab-title-2004\" tabindex=\"0\" hidden=\"hidden\"><ul>\n<li>Varnupi\u0173 ir &Scaron;akali&scaron;ki\u0173 piliakalniai &#8211; archeologijos paminklai.<\/li>\n<li>Poeto A.Matu\u010dio gimtin\u0117 Zom\u010din\u0117s kaime &#8211; istorijos paminklas.<\/li>\n<li>Igliaukoje, &Scaron;ventragyje, Dauk&scaron;iuose pastatyti paminklai \u017euvusiems u\u017e Lietuvos laisv\u0119.<\/li>\n<li>Keletas dail\u0117s paminkl\u0173 (paveikslas, \u017evakid\u0117, skulpt\u016bra) yra Dauk&scaron;i\u0173 ba\u017eny\u010dioje.<\/li>\n<li>Seni\u016bnijoje esanti M.Bazevi\u010diaus sodyba pripa\u017einta architekt\u016bros paminklu.<\/li>\n<li>Bene labiausiai lankoma seni\u016bnijos vieta &#8211; poilsiaviet\u0117 prie Yglos e\u017eero. J\u0105 prie&scaron; kelis de&scaron;imtme\u010dius \u012freng\u0117 Igliaukos \u017evej\u0173 b\u016brelio nariai, vadovaujami mokytojo P. Klebario. Poilsiaviet\u0117 kasmet sutvarkoma, atnaujinama.<\/li>\n<\/ul><\/div>\n\t\t\t\t\t\t\t\t\t<div class=\"elementor-tab-title elementor-tab-mobile-title\" aria-selected=\"false\" data-tab=\"5\" role=\"tab\" tabindex=\"-1\" aria-controls=\"elementor-tab-content-2005\" aria-expanded=\"false\">\u012e\u017eym\u016bs \u017emon\u0117s<\/div>\n\t\t\t\t\t<div id=\"elementor-tab-content-2005\" class=\"elementor-tab-content elementor-clearfix\" data-tab=\"5\" role=\"tabpanel\" aria-labelledby=\"elementor-tab-title-2005\" tabindex=\"0\" hidden=\"hidden\"><ul>\n<li>Nuo 1865 m. iki 1897 met\u0173 Igliaukos parapijos klebonu dirbo kunigas Vincentas Ka\u010dergis. Jis pastat\u0117 dabartin\u0119 ba\u017eny\u010di\u0105. 1997 metais, minint kunigo jubiliej\u0173, viena Igliaukos gatv\u0117 buvo pavadinta jo vardu.<\/li>\n<li>Seni\u016bnijoje gim\u0117 vyskupas V.Brizgys;<\/li>\n<li>Kunigas ir visuomen\u0117s veik\u0117jas L.Vaicekauskas.<\/li>\n<\/ul><\/div>\n\t\t\t\t\t\t\t\t\t<div class=\"elementor-tab-title elementor-tab-mobile-title\" aria-selected=\"false\" data-tab=\"6\" role=\"tab\" tabindex=\"-1\" aria-controls=\"elementor-tab-content-2006\" aria-expanded=\"false\">Seni\u016bnijos gyvenamosios vietov\u0117s<\/div>\n\t\t\t\t\t<div id=\"elementor-tab-content-2006\" class=\"elementor-tab-content elementor-clearfix\" data-tab=\"6\" role=\"tabpanel\" aria-labelledby=\"elementor-tab-title-2006\" tabindex=\"0\" hidden=\"hidden\"><table border=\"0\" cellspacing=\"0\" cellpadding=\"0\"><tbody><tr><td><ul><li>Amalvi\u0161ki\u0173 k.<\/li><li>Buktos k.<\/li><li>Dambruvkos k.<\/li><li>Dauk\u0161i\u0173 mstl.<\/li><li>Elniakalnio k.<\/li><li>Gudi\u0161ki\u0173 k.<\/li><li>Igliaukos k.<\/li><li>Jacentavo k.<\/li><li>Jok\u016bbi\u0161ki\u0173 k.<\/li><li>Kar\u010diuvkos k.<\/li><li>K\u016bling\u0117s k.<\/li><li>Kume\u010di\u0173 k.<\/li><li>Li\u016bli\u0161kio k.<\/li><li>Ma\u010diuli\u0161ki\u0173 k.<\/li><li>Malinavos k.<\/li><li>Marazi\u0161ki\u0173 k.<\/li><li>Margavos k.<\/li><li>Men\u0161trakio k.<\/li><li>Merga\u0161ilio k.<\/li><li>Nadpali\u0173 k.<\/li><li>Op\u0161r\u016bt\u0173 I k.<\/li><li>Op\u0161r\u016bt\u0173 II k.<\/li><li>Padvari\u0161ki\u0173 k.<\/li><li>Pae\u017eer\u0117s k.<\/li><\/ul><\/td><td><ul><li>Pajiesio k.<\/li><li>Pama\u010diuli\u0161ki\u0173 k.<\/li><li>Pamargi\u0173 k.<\/li><li>Papajiesio k.<\/li><li>Pa\u0161akali\u0161ki\u0173 k.<\/li><li>Pau\u017ei\u0161ki\u0173 k.<\/li><li>Pavasak\u0117s k.<\/li><li>Pielkavos k.<\/li><li>Plyni\u0173 k.<\/li><li>Pr\u016bsi\u0161ki\u0173 k.<\/li><li>Salos k.<\/li><li>Santakos k.<\/li><li>Sta\u0161li\u0161ki\u0173 k.<\/li><li>\u0160akali\u0161ki\u0173 k.<\/li><li>\u0160lavan\u010di\u0173 k.<\/li><li>\u0160ventragio k.<\/li><li>Tupik\u0173 k.<\/li><li>Varnupi\u0173 k.<\/li><li>Veselavos k.<\/li><li>Vidgir\u0117li\u0173 k.<\/li><li>Zom\u010din\u0117s k.<\/li><li>\u017dirni\u0161ki\u0173 k.<\/li><li>\u017divavod\u0117s k.<\/li><\/ul><\/td><\/tr><\/tbody><\/table><\/div>\n\t\t\t\t\t\t\t<\/div>\n\t\t<\/div>\n\t\t\t\t\t\t<\/div>\n\t\t\t\t<\/div>\n\t\t\t\t\t<\/div>\n\t\t<\/div>\n\t\t\t\t\t<\/div>\n\t\t<\/section>\n\t\t\t\t<section class=\"elementor-section elementor-top-section elementor-element elementor-element-57b5463 elementor-section-boxed elementor-section-height-default elementor-section-height-default\" data-id=\"57b5463\" data-element_type=\"section\">\n\t\t\t\t\t\t<div class=\"elementor-container elementor-column-gap-default\">\n\t\t\t\t\t<div class=\"elementor-column elementor-col-100 elementor-top-column elementor-element elementor-element-16294ba\" data-id=\"16294ba\" data-element_type=\"column\">\n\t\t\t<div class=\"elementor-widget-wrap elementor-element-populated\">\n\t\t\t\t\t\t<div class=\"elementor-element elementor-element-d354bd3 elementor-widget elementor-widget-text-editor\" data-id=\"d354bd3\" data-element_type=\"widget\" data-widget_type=\"text-editor.default\">\n\t\t\t\t<div class=\"elementor-widget-container\">\n\t\t\t\t\t\t\t\t\t<p>Informacijos \u0161altinis:<\/p><p><a href=\"https:\/\/www.marijampole.lt\/savivaldybe\/seniunijos\/igliaukos-seniunija\/320\" target=\"_blank\" rel=\"noopener\">www.marijampole.lt (Igliaukos seni\u016bnija)<\/a><\/p>\t\t\t\t\t\t\t\t<\/div>\n\t\t\t\t<\/div>\n\t\t\t\t\t<\/div>\n\t\t<\/div>\n\t\t\t\t\t<\/div>\n\t\t<\/section>\n\t\t\t\t<\/div>\n\t\t","protected":false},"excerpt":{"rendered":"<p>Igliaukos seni\u016bnija Igliaukos seni\u016bnijos herbas ir teritorija Igliaukos seni\u016bnija Atributika Kult\u016bra Lankytinos vietos ir paminklai \u012e\u017eym\u016bs \u017emon\u0117s Seni\u016bnijos gyvenamosios vietov\u0117s Igliaukos seni\u016bnija Seni\u016bnijos centras &#8211; Igliaukos miestelis (1091 gyventojas). Seni\u016bnijoje yra 49 gyvenamosios vietov\u0117s. Didesn\u0117s i\u0161 j\u0173 &#8211; Dauk\u0161iai (362 gyventojai), \u0160ventragis (345 gyventojai), Varnupiai (191 gyventojas). I\u0161 viso seni\u016bnijoje yra 2,6 t\u016bkst. gyventoj\u0173.Seni\u016bnijos plotas &hellip; <\/p>\n<p class=\"link-more\"><a href=\"https:\/\/keliaukregione.lt\/?page_id=5892\" class=\"more-link\">Read more<span class=\"screen-reader-text\"> &#8220;Igliaukos seni\u016bnija&#8221;<\/span><\/a><\/p>\n","protected":false},"author":1,"featured_media":0,"parent":0,"menu_order":0,"comment_status":"closed","ping_status":"closed","template":"elementor_header_footer","meta":{"ngg_post_thumbnail":0,"footnotes":""},"class_list":["post-5892","page","type-page","status-publish","hentry"],"featured_media_urls":[],"_links":{"self":[{"href":"https:\/\/keliaukregione.lt\/index.php?rest_route=\/wp\/v2\/pages\/5892","targetHints":{"allow":["GET"]}}],"collection":[{"href":"https:\/\/keliaukregione.lt\/index.php?rest_route=\/wp\/v2\/pages"}],"about":[{"href":"https:\/\/keliaukregione.lt\/index.php?rest_route=\/wp\/v2\/types\/page"}],"author":[{"embeddable":true,"href":"https:\/\/keliaukregione.lt\/index.php?rest_route=\/wp\/v2\/users\/1"}],"replies":[{"embeddable":true,"href":"https:\/\/keliaukregione.lt\/index.php?rest_route=%2Fwp%2Fv2%2Fcomments&post=5892"}],"version-history":[{"count":46,"href":"https:\/\/keliaukregione.lt\/index.php?rest_route=\/wp\/v2\/pages\/5892\/revisions"}],"predecessor-version":[{"id":7041,"href":"https:\/\/keliaukregione.lt\/index.php?rest_route=\/wp\/v2\/pages\/5892\/revisions\/7041"}],"wp:attachment":[{"href":"https:\/\/keliaukregione.lt\/index.php?rest_route=%2Fwp%2Fv2%2Fmedia&parent=5892"}],"curies":[{"name":"wp","href":"https:\/\/api.w.org\/{rel}","templated":true}]}}