{"id":5860,"date":"2018-10-11T14:29:05","date_gmt":"2018-10-11T14:29:05","guid":{"rendered":"https:\/\/demo.wpzoom.com\/inspiro-video-xml\/?page_id=5860"},"modified":"2023-03-25T22:35:18","modified_gmt":"2023-03-25T22:35:18","slug":"homepage","status":"publish","type":"page","link":"https:\/\/keliaukregione.lt\/","title":{"rendered":"Homepage"},"content":{"rendered":"\t\t<div data-elementor-type=\"wp-page\" data-elementor-id=\"5860\" class=\"elementor elementor-5860\">\n\t\t\t\t\t\t<section class=\"elementor-section elementor-top-section elementor-element elementor-element-46257a17 elementor-section-boxed elementor-section-height-default elementor-section-height-default\" data-id=\"46257a17\" data-element_type=\"section\">\n\t\t\t\t\t\t<div class=\"elementor-container elementor-column-gap-default\">\n\t\t\t\t\t<div class=\"elementor-column elementor-col-100 elementor-top-column elementor-element elementor-element-42fad2f9\" data-id=\"42fad2f9\" data-element_type=\"column\">\n\t\t\t<div class=\"elementor-widget-wrap elementor-element-populated\">\n\t\t\t\t\t\t<div class=\"elementor-element elementor-element-36d53942 elementor-widget elementor-widget-text-editor\" data-id=\"36d53942\" data-element_type=\"widget\" data-widget_type=\"text-editor.default\">\n\t\t\t\t<div class=\"elementor-widget-container\">\n\t\t\t\t\t\t\t\t\t<h2>Pa\u017einkite Marijampol\u0117s region\u0105<\/h2><p>Esame jauna komanda, kuri siekia \u012fgyvendinti savo nedr\u0105si\u0105 svajon\u0119 ir \u012fgyvendinti projekt\u0105, kurio metu kurt\u0173 vaizdin\u0119 med\u017eiag\u0105 Marijampol\u0117s savivaldyb\u0117s regionini\u0173 vietovi\u0173 pristatymui. Kvie\u010diame trumpai susipa\u017einti su m\u016bs\u0173 projektu ir apsilankyti svetain\u0117je esan\u010diose skiltyse.<\/p><h2>Projekto tikslas<\/h2><p>Virtualios informacin\u0117s sistemos ir video suk\u016brimas, pristatant Marijampol\u0117s rajono kaimi\u0161kas vietoves, lankytinas vietas, tradicijas ir kit\u0105 su kaimi\u0161ka kult\u016bra susijusi\u0105 informacij\u0105.<\/p><h2>\u0160ioje svetain\u0117je rasite<\/h2><ul><li>Informacij\u0105 apie Marijampol\u0117s regiono ma\u017e\u0105sias gyvenvietes, lankytinas vietas ir amatus.<\/li><li>Pristatomuosius vaizdo \u012fra\u0161us apie pagrindines Marijampol\u0117s rajono kaimi\u0161kas vietoves (seni\u016bnijas), j\u0173 pagrindinius objektus, lankytinas vietas, renginius, gamtos ir kitus objektus.<\/li><li>Vaizdo \u012fra\u0161us apie dalies seni\u016bnij\u0173 atstovus, pristatan\u010dius \u012fdomias kaimi\u0161kas veiklas, amatus, tradicijas ar kit\u0105 \u012fdomi\u0105 informacij\u0105.<\/li><li>Virtuali\u0173 pasivaik\u0161\u010diojim\u0173 po lankytinas seni\u016bnij\u0173 vietas \u017eem\u0117lapius ir virtualius vaizdo \u012fra\u0161\u0173 pasivaik\u0161\u010diojimus, kuriuose galime steb\u0117ti vaizd\u0105 360 laipsni\u0173 kampu.<\/li><li>Nuorodas \u012f m\u016bs\u0173 socialinius tinklus: Facebook, Youtube ir Instagram.<\/li><\/ul>\t\t\t\t\t\t\t\t<\/div>\n\t\t\t\t<\/div>\n\t\t\t\t\t<\/div>\n\t\t<\/div>\n\t\t\t\t\t<\/div>\n\t\t<\/section>\n\t\t\t\t<\/div>\n\t\t","protected":false},"excerpt":{"rendered":"<p>Pa\u017einkite Marijampol\u0117s region\u0105 Esame jauna komanda, kuri siekia \u012fgyvendinti savo nedr\u0105si\u0105 svajon\u0119 ir \u012fgyvendinti projekt\u0105, kurio metu kurt\u0173 vaizdin\u0119 med\u017eiag\u0105 Marijampol\u0117s savivaldyb\u0117s regionini\u0173 vietovi\u0173 pristatymui. Kvie\u010diame trumpai susipa\u017einti su m\u016bs\u0173 projektu ir apsilankyti svetain\u0117je esan\u010diose skiltyse. Projekto tikslas Virtualios informacin\u0117s sistemos ir video suk\u016brimas, pristatant Marijampol\u0117s rajono kaimi\u0161kas vietoves, lankytinas vietas, tradicijas ir kit\u0105 su &hellip; <\/p>\n<p class=\"link-more\"><a href=\"https:\/\/keliaukregione.lt\/\" class=\"more-link\">Read more<span class=\"screen-reader-text\"> &#8220;Homepage&#8221;<\/span><\/a><\/p>\n","protected":false},"author":1,"featured_media":0,"parent":0,"menu_order":0,"comment_status":"closed","ping_status":"closed","template":"page-templates\/homepage-builder-bb.php","meta":{"ngg_post_thumbnail":0,"footnotes":""},"class_list":["post-5860","page","type-page","status-publish","hentry"],"featured_media_urls":[],"_links":{"self":[{"href":"https:\/\/keliaukregione.lt\/index.php?rest_route=\/wp\/v2\/pages\/5860","targetHints":{"allow":["GET"]}}],"collection":[{"href":"https:\/\/keliaukregione.lt\/index.php?rest_route=\/wp\/v2\/pages"}],"about":[{"href":"https:\/\/keliaukregione.lt\/index.php?rest_route=\/wp\/v2\/types\/page"}],"author":[{"embeddable":true,"href":"https:\/\/keliaukregione.lt\/index.php?rest_route=\/wp\/v2\/users\/1"}],"replies":[{"embeddable":true,"href":"https:\/\/keliaukregione.lt\/index.php?rest_route=%2Fwp%2Fv2%2Fcomments&post=5860"}],"version-history":[{"count":7,"href":"https:\/\/keliaukregione.lt\/index.php?rest_route=\/wp\/v2\/pages\/5860\/revisions"}],"predecessor-version":[{"id":6128,"href":"https:\/\/keliaukregione.lt\/index.php?rest_route=\/wp\/v2\/pages\/5860\/revisions\/6128"}],"wp:attachment":[{"href":"https:\/\/keliaukregione.lt\/index.php?rest_route=%2Fwp%2Fv2%2Fmedia&parent=5860"}],"curies":[{"name":"wp","href":"https:\/\/api.w.org\/{rel}","templated":true}]}}